{"id":4,"date":"2016-04-20T21:36:58","date_gmt":"2016-04-20T19:36:58","guid":{"rendered":"http:\/\/www.dieweltenbummler.de\/wohnmobilstellplatz-nordkirchen\/?page_id=4"},"modified":"2023-01-28T11:13:54","modified_gmt":"2023-01-28T10:13:54","slug":"ueber-uns","status":"publish","type":"page","link":"https:\/\/www.dieweltenbummler.de\/wohnmobilstellplatz-nordkirchen\/ueber-uns\/","title":{"rendered":"\u00dcber uns"},"content":{"rendered":"<p>Wir sind Monika und Michael und hei\u00dfen Sie sowohl hier auf der Webseite als auch in der Realit\u00e4t auf unserem Wohnmobilstellplatz herzlich willkommen. Seit mehr als zwei Jahrzehnten sind wir gemeinsam in der Welt unterwegs (<a href=\"https:\/\/www.dieweltenbummler.de\">www.dieweltenbummler.de<\/a>) und reisen innerhalb Europas \u00fcberwiegend mit dem Wohnmobil, um <a href=\"https:\/\/www.dieweltenbummler.de\/publikationen\/\">Reisef\u00fchrer<\/a> f\u00fcr verschiedene Verlage zu erstellen.<\/p>\n<p>Durch unsere Arbeit als <strong>Reisejournalist<\/strong> lernten wir in ganz Europa ungez\u00e4hlte Wohnmobilstellpl\u00e4tze und Campingpl\u00e4tze kennen. Die Gesamtanzahl der besuchten Stell- und Campingpl\u00e4tze bewegt sich im mittleren vierstelligen Bereich. Die Erfahrungen, die wir auf diesen Reisen erworben haben, wollten wir gerne in unserem eigenen, kleinen Wohnmobilstellplatz umsetzen und Ihnen anbieten.<\/p>\n<p>Dabei war uns wichtig, dass Sie sich auf unserem Wohnmobilstellplatz wohl f\u00fchlen. An einer befestigten Parkfl\u00e4che eine Stroms\u00e4ule aufstellen, kann jeder. Wir wollten ihnen allerdings etwas mehr bieten. Dazu geh\u00f6ren zum Beispiel die umfassende <strong>Bepflanzung<\/strong>, die <strong>liebevollen Details<\/strong> an jeder Stellfl\u00e4che, unsere umfassende Begr\u00fc\u00dfungsmappe mit zahlreichen Informationen und kleinen Willkommensgeschenken, die Einbindung der <strong>Natur<\/strong>, ein kleiner <strong>B\u00fccherschrank<\/strong> und einiges mehr. Dennoch wollten wir den Charakter eines Wohnmobilstellplatzes wahren und keinen Campingplatz bauen. Eine namentliche Anmeldung und \u00d6ffnungszeiten sind beispielsweise nicht erforderlich. Sie kommen und gehen, wann Sie m\u00f6chten.<\/p>\n<p>Der m\u00e4nnliche Teil von uns (Michael Moll) ist au\u00dferdem vom Sauerl\u00e4ndischen Gebirgsverein (SGV) zum <strong>Wanderf\u00fchrer<\/strong> und vom Allgemeinen Deutschen Fahrradclub (ADFC) zum <strong>Radtourenleiter<\/strong> zertifiziert. Au\u00dferdem h\u00e4lt er interessante und humorvolle <strong>Multimedia-Pr\u00e4sentationen<\/strong> mit Bezug zum Thema Wohnmobil.&nbsp;Das alles bieten wir auch am <strong>Wohnmobilstellplatz in Nordkirchen<\/strong> an. Nat\u00fcrlich nur denjenigen, die das auch w\u00fcnschen. Eine Animation bieten wir selbstverst\u00e4ndlich nicht. Wer seine Ruhe haben m\u00f6chte, bekommt diese nat\u00fcrlich auch.<\/p>\n<p>Wenn Sie <strong>Fragen<\/strong>, <strong>W\u00fcnsche<\/strong> und <strong>Kritikpunkte<\/strong> haben, dann sprechen Sie uns bitte an. Trotz aller Erfahrung ist man manchmal betriebsblind und wir versuchen, das zu erf\u00fcllen, was uns m\u00f6glich ist.<\/p>\n<p>Monika und Michael<\/p>\n","protected":false},"excerpt":{"rendered":"<p>Wir sind Monika und Michael und hei\u00dfen Sie sowohl hier auf der Webseite als auch in der Realit\u00e4t auf unserem Wohnmobilstellplatz herzlich willkommen. Seit mehr [&hellip;]<\/p>\n","protected":false},"author":1,"featured_media":2321,"parent":0,"menu_order":0,"comment_status":"closed","ping_status":"closed","template":"","meta":{"site-sidebar-layout":"default","site-content-layout":"","ast-site-content-layout":"default","site-content-style":"default","site-sidebar-style":"default","ast-global-header-display":"","ast-banner-title-visibility":"","ast-main-header-display":"","ast-hfb-above-header-display":"","ast-hfb-below-header-display":"","ast-hfb-mobile-header-display":"","site-post-title":"disabled","ast-breadcrumbs-content":"","ast-featured-img":"","footer-sml-layout":"","ast-disable-related-posts":"","theme-transparent-header-meta":"","adv-header-id-meta":"","stick-header-meta":"","header-above-stick-meta":"","header-main-stick-meta":"","header-below-stick-meta":"","astra-migrate-meta-layouts":"default","ast-page-background-enabled":"default","ast-page-background-meta":{"desktop":{"background-color":"","background-image":"","background-repeat":"repeat","background-position":"center center","background-size":"auto","background-attachment":"scroll","background-type":"","background-media":"","overlay-type":"","overlay-color":"","overlay-opacity":"","overlay-gradient":""},"tablet":{"background-color":"","background-image":"","background-repeat":"repeat","background-position":"center center","background-size":"auto","background-attachment":"scroll","background-type":"","background-media":"","overlay-type":"","overlay-color":"","overlay-opacity":"","overlay-gradient":""},"mobile":{"background-color":"","background-image":"","background-repeat":"repeat","background-position":"center center","background-size":"auto","background-attachment":"scroll","background-type":"","background-media":"","overlay-type":"","overlay-color":"","overlay-opacity":"","overlay-gradient":""}},"ast-content-background-meta":{"desktop":{"background-color":"var(--ast-global-color-5)","background-image":"","background-repeat":"repeat","background-position":"center center","background-size":"auto","background-attachment":"scroll","background-type":"","background-media":"","overlay-type":"","overlay-color":"","overlay-opacity":"","overlay-gradient":""},"tablet":{"background-color":"var(--ast-global-color-5)","background-image":"","background-repeat":"repeat","background-position":"center center","background-size":"auto","background-attachment":"scroll","background-type":"","background-media":"","overlay-type":"","overlay-color":"","overlay-opacity":"","overlay-gradient":""},"mobile":{"background-color":"var(--ast-global-color-5)","background-image":"","background-repeat":"repeat","background-position":"center center","background-size":"auto","background-attachment":"scroll","background-type":"","background-media":"","overlay-type":"","overlay-color":"","overlay-opacity":"","overlay-gradient":""}},"footnotes":""},"class_list":["post-4","page","type-page","status-publish","has-post-thumbnail","hentry"],"yoast_head":"<!-- This site is optimized with the Yoast SEO plugin v27.5 - https:\/\/yoast.com\/product\/yoast-seo-wordpress\/ -->\n<title>\u00dcber uns - Wohnmobilstellplatz Nordkirchen<\/title>\n<meta name=\"robots\" content=\"index, follow, max-snippet:-1, max-image-preview:large, max-video-preview:-1\" \/>\n<link rel=\"canonical\" href=\"https:\/\/www.dieweltenbummler.de\/wohnmobilstellplatz-nordkirchen\/ueber-uns\/\" \/>\n<meta property=\"og:locale\" content=\"de_DE\" \/>\n<meta property=\"og:type\" content=\"article\" \/>\n<meta property=\"og:title\" content=\"\u00dcber uns - Wohnmobilstellplatz Nordkirchen\" \/>\n<meta property=\"og:description\" content=\"Wir sind Monika und Michael und hei\u00dfen Sie sowohl hier auf der Webseite als auch in der Realit\u00e4t auf unserem Wohnmobilstellplatz herzlich willkommen. Seit mehr [&hellip;]\" \/>\n<meta property=\"og:url\" content=\"https:\/\/www.dieweltenbummler.de\/wohnmobilstellplatz-nordkirchen\/ueber-uns\/\" \/>\n<meta property=\"og:site_name\" content=\"Wohnmobilstellplatz Nordkirchen\" \/>\n<meta property=\"article:modified_time\" content=\"2023-01-28T10:13:54+00:00\" \/>\n<meta property=\"og:image\" content=\"https:\/\/www.dieweltenbummler.de\/wohnmobilstellplatz-nordkirchen\/wp-content\/uploads\/2022\/04\/Ueber-uns.jpg\" \/>\n\t<meta property=\"og:image:width\" content=\"2500\" \/>\n\t<meta property=\"og:image:height\" content=\"1667\" \/>\n\t<meta property=\"og:image:type\" content=\"image\/jpeg\" \/>\n<meta name=\"twitter:card\" content=\"summary_large_image\" \/>\n<meta name=\"twitter:label1\" content=\"Gesch\u00e4tzte Lesezeit\" \/>\n\t<meta name=\"twitter:data1\" content=\"2\u00a0Minuten\" \/>\n<script type=\"application\/ld+json\" class=\"yoast-schema-graph\">{\"@context\":\"https:\\\/\\\/schema.org\",\"@graph\":[{\"@type\":\"WebPage\",\"@id\":\"https:\\\/\\\/www.dieweltenbummler.de\\\/wohnmobilstellplatz-nordkirchen\\\/ueber-uns\\\/\",\"url\":\"https:\\\/\\\/www.dieweltenbummler.de\\\/wohnmobilstellplatz-nordkirchen\\\/ueber-uns\\\/\",\"name\":\"\u00dcber uns - Wohnmobilstellplatz Nordkirchen\",\"isPartOf\":{\"@id\":\"https:\\\/\\\/www.dieweltenbummler.de\\\/wohnmobilstellplatz-nordkirchen\\\/#website\"},\"primaryImageOfPage\":{\"@id\":\"https:\\\/\\\/www.dieweltenbummler.de\\\/wohnmobilstellplatz-nordkirchen\\\/ueber-uns\\\/#primaryimage\"},\"image\":{\"@id\":\"https:\\\/\\\/www.dieweltenbummler.de\\\/wohnmobilstellplatz-nordkirchen\\\/ueber-uns\\\/#primaryimage\"},\"thumbnailUrl\":\"https:\\\/\\\/www.dieweltenbummler.de\\\/wohnmobilstellplatz-nordkirchen\\\/wp-content\\\/uploads\\\/2022\\\/04\\\/Ueber-uns.jpg\",\"datePublished\":\"2016-04-20T19:36:58+00:00\",\"dateModified\":\"2023-01-28T10:13:54+00:00\",\"breadcrumb\":{\"@id\":\"https:\\\/\\\/www.dieweltenbummler.de\\\/wohnmobilstellplatz-nordkirchen\\\/ueber-uns\\\/#breadcrumb\"},\"inLanguage\":\"de\",\"potentialAction\":[{\"@type\":\"ReadAction\",\"target\":[\"https:\\\/\\\/www.dieweltenbummler.de\\\/wohnmobilstellplatz-nordkirchen\\\/ueber-uns\\\/\"]}]},{\"@type\":\"ImageObject\",\"inLanguage\":\"de\",\"@id\":\"https:\\\/\\\/www.dieweltenbummler.de\\\/wohnmobilstellplatz-nordkirchen\\\/ueber-uns\\\/#primaryimage\",\"url\":\"https:\\\/\\\/www.dieweltenbummler.de\\\/wohnmobilstellplatz-nordkirchen\\\/wp-content\\\/uploads\\\/2022\\\/04\\\/Ueber-uns.jpg\",\"contentUrl\":\"https:\\\/\\\/www.dieweltenbummler.de\\\/wohnmobilstellplatz-nordkirchen\\\/wp-content\\\/uploads\\\/2022\\\/04\\\/Ueber-uns.jpg\",\"width\":2500,\"height\":1667,\"caption\":\"\u00dcber uns\"},{\"@type\":\"BreadcrumbList\",\"@id\":\"https:\\\/\\\/www.dieweltenbummler.de\\\/wohnmobilstellplatz-nordkirchen\\\/ueber-uns\\\/#breadcrumb\",\"itemListElement\":[{\"@type\":\"ListItem\",\"position\":1,\"name\":\"Start\",\"item\":\"https:\\\/\\\/www.dieweltenbummler.de\\\/wohnmobilstellplatz-nordkirchen\\\/\"},{\"@type\":\"ListItem\",\"position\":2,\"name\":\"\u00dcber uns\"}]},{\"@type\":\"WebSite\",\"@id\":\"https:\\\/\\\/www.dieweltenbummler.de\\\/wohnmobilstellplatz-nordkirchen\\\/#website\",\"url\":\"https:\\\/\\\/www.dieweltenbummler.de\\\/wohnmobilstellplatz-nordkirchen\\\/\",\"name\":\"Wohnmobilstellplatz Nordkirchen\",\"description\":\"Wohnmobilstellplatz am Westf\u00e4lischen Versailles\",\"publisher\":{\"@id\":\"https:\\\/\\\/www.dieweltenbummler.de\\\/wohnmobilstellplatz-nordkirchen\\\/#organization\"},\"potentialAction\":[{\"@type\":\"SearchAction\",\"target\":{\"@type\":\"EntryPoint\",\"urlTemplate\":\"https:\\\/\\\/www.dieweltenbummler.de\\\/wohnmobilstellplatz-nordkirchen\\\/?s={search_term_string}\"},\"query-input\":{\"@type\":\"PropertyValueSpecification\",\"valueRequired\":true,\"valueName\":\"search_term_string\"}}],\"inLanguage\":\"de\"},{\"@type\":\"Organization\",\"@id\":\"https:\\\/\\\/www.dieweltenbummler.de\\\/wohnmobilstellplatz-nordkirchen\\\/#organization\",\"name\":\"Wohnmobilstellplatz Nordkirchen\",\"url\":\"https:\\\/\\\/www.dieweltenbummler.de\\\/wohnmobilstellplatz-nordkirchen\\\/\",\"logo\":{\"@type\":\"ImageObject\",\"inLanguage\":\"de\",\"@id\":\"https:\\\/\\\/www.dieweltenbummler.de\\\/wohnmobilstellplatz-nordkirchen\\\/#\\\/schema\\\/logo\\\/image\\\/\",\"url\":\"https:\\\/\\\/www.dieweltenbummler.de\\\/wohnmobilstellplatz-nordkirchen\\\/wp-content\\\/uploads\\\/2023\\\/01\\\/Fasshaus-Logo-2-transparent-Schriftzug-weiss.png\",\"contentUrl\":\"https:\\\/\\\/www.dieweltenbummler.de\\\/wohnmobilstellplatz-nordkirchen\\\/wp-content\\\/uploads\\\/2023\\\/01\\\/Fasshaus-Logo-2-transparent-Schriftzug-weiss.png\",\"width\":1000,\"height\":495,\"caption\":\"Wohnmobilstellplatz Nordkirchen\"},\"image\":{\"@id\":\"https:\\\/\\\/www.dieweltenbummler.de\\\/wohnmobilstellplatz-nordkirchen\\\/#\\\/schema\\\/logo\\\/image\\\/\"}}]}<\/script>\n<!-- \/ Yoast SEO plugin. -->","yoast_head_json":{"title":"\u00dcber uns - Wohnmobilstellplatz Nordkirchen","robots":{"index":"index","follow":"follow","max-snippet":"max-snippet:-1","max-image-preview":"max-image-preview:large","max-video-preview":"max-video-preview:-1"},"canonical":"https:\/\/www.dieweltenbummler.de\/wohnmobilstellplatz-nordkirchen\/ueber-uns\/","og_locale":"de_DE","og_type":"article","og_title":"\u00dcber uns - Wohnmobilstellplatz Nordkirchen","og_description":"Wir sind Monika und Michael und hei\u00dfen Sie sowohl hier auf der Webseite als auch in der Realit\u00e4t auf unserem Wohnmobilstellplatz herzlich willkommen. Seit mehr [&hellip;]","og_url":"https:\/\/www.dieweltenbummler.de\/wohnmobilstellplatz-nordkirchen\/ueber-uns\/","og_site_name":"Wohnmobilstellplatz Nordkirchen","article_modified_time":"2023-01-28T10:13:54+00:00","og_image":[{"width":2500,"height":1667,"url":"https:\/\/www.dieweltenbummler.de\/wohnmobilstellplatz-nordkirchen\/wp-content\/uploads\/2022\/04\/Ueber-uns.jpg","type":"image\/jpeg"}],"twitter_card":"summary_large_image","twitter_misc":{"Gesch\u00e4tzte Lesezeit":"2\u00a0Minuten"},"schema":{"@context":"https:\/\/schema.org","@graph":[{"@type":"WebPage","@id":"https:\/\/www.dieweltenbummler.de\/wohnmobilstellplatz-nordkirchen\/ueber-uns\/","url":"https:\/\/www.dieweltenbummler.de\/wohnmobilstellplatz-nordkirchen\/ueber-uns\/","name":"\u00dcber uns - Wohnmobilstellplatz Nordkirchen","isPartOf":{"@id":"https:\/\/www.dieweltenbummler.de\/wohnmobilstellplatz-nordkirchen\/#website"},"primaryImageOfPage":{"@id":"https:\/\/www.dieweltenbummler.de\/wohnmobilstellplatz-nordkirchen\/ueber-uns\/#primaryimage"},"image":{"@id":"https:\/\/www.dieweltenbummler.de\/wohnmobilstellplatz-nordkirchen\/ueber-uns\/#primaryimage"},"thumbnailUrl":"https:\/\/www.dieweltenbummler.de\/wohnmobilstellplatz-nordkirchen\/wp-content\/uploads\/2022\/04\/Ueber-uns.jpg","datePublished":"2016-04-20T19:36:58+00:00","dateModified":"2023-01-28T10:13:54+00:00","breadcrumb":{"@id":"https:\/\/www.dieweltenbummler.de\/wohnmobilstellplatz-nordkirchen\/ueber-uns\/#breadcrumb"},"inLanguage":"de","potentialAction":[{"@type":"ReadAction","target":["https:\/\/www.dieweltenbummler.de\/wohnmobilstellplatz-nordkirchen\/ueber-uns\/"]}]},{"@type":"ImageObject","inLanguage":"de","@id":"https:\/\/www.dieweltenbummler.de\/wohnmobilstellplatz-nordkirchen\/ueber-uns\/#primaryimage","url":"https:\/\/www.dieweltenbummler.de\/wohnmobilstellplatz-nordkirchen\/wp-content\/uploads\/2022\/04\/Ueber-uns.jpg","contentUrl":"https:\/\/www.dieweltenbummler.de\/wohnmobilstellplatz-nordkirchen\/wp-content\/uploads\/2022\/04\/Ueber-uns.jpg","width":2500,"height":1667,"caption":"\u00dcber uns"},{"@type":"BreadcrumbList","@id":"https:\/\/www.dieweltenbummler.de\/wohnmobilstellplatz-nordkirchen\/ueber-uns\/#breadcrumb","itemListElement":[{"@type":"ListItem","position":1,"name":"Start","item":"https:\/\/www.dieweltenbummler.de\/wohnmobilstellplatz-nordkirchen\/"},{"@type":"ListItem","position":2,"name":"\u00dcber uns"}]},{"@type":"WebSite","@id":"https:\/\/www.dieweltenbummler.de\/wohnmobilstellplatz-nordkirchen\/#website","url":"https:\/\/www.dieweltenbummler.de\/wohnmobilstellplatz-nordkirchen\/","name":"Wohnmobilstellplatz Nordkirchen","description":"Wohnmobilstellplatz am Westf\u00e4lischen Versailles","publisher":{"@id":"https:\/\/www.dieweltenbummler.de\/wohnmobilstellplatz-nordkirchen\/#organization"},"potentialAction":[{"@type":"SearchAction","target":{"@type":"EntryPoint","urlTemplate":"https:\/\/www.dieweltenbummler.de\/wohnmobilstellplatz-nordkirchen\/?s={search_term_string}"},"query-input":{"@type":"PropertyValueSpecification","valueRequired":true,"valueName":"search_term_string"}}],"inLanguage":"de"},{"@type":"Organization","@id":"https:\/\/www.dieweltenbummler.de\/wohnmobilstellplatz-nordkirchen\/#organization","name":"Wohnmobilstellplatz Nordkirchen","url":"https:\/\/www.dieweltenbummler.de\/wohnmobilstellplatz-nordkirchen\/","logo":{"@type":"ImageObject","inLanguage":"de","@id":"https:\/\/www.dieweltenbummler.de\/wohnmobilstellplatz-nordkirchen\/#\/schema\/logo\/image\/","url":"https:\/\/www.dieweltenbummler.de\/wohnmobilstellplatz-nordkirchen\/wp-content\/uploads\/2023\/01\/Fasshaus-Logo-2-transparent-Schriftzug-weiss.png","contentUrl":"https:\/\/www.dieweltenbummler.de\/wohnmobilstellplatz-nordkirchen\/wp-content\/uploads\/2023\/01\/Fasshaus-Logo-2-transparent-Schriftzug-weiss.png","width":1000,"height":495,"caption":"Wohnmobilstellplatz Nordkirchen"},"image":{"@id":"https:\/\/www.dieweltenbummler.de\/wohnmobilstellplatz-nordkirchen\/#\/schema\/logo\/image\/"}}]}},"_links":{"self":[{"href":"https:\/\/www.dieweltenbummler.de\/wohnmobilstellplatz-nordkirchen\/wp-json\/wp\/v2\/pages\/4","targetHints":{"allow":["GET"]}}],"collection":[{"href":"https:\/\/www.dieweltenbummler.de\/wohnmobilstellplatz-nordkirchen\/wp-json\/wp\/v2\/pages"}],"about":[{"href":"https:\/\/www.dieweltenbummler.de\/wohnmobilstellplatz-nordkirchen\/wp-json\/wp\/v2\/types\/page"}],"author":[{"embeddable":true,"href":"https:\/\/www.dieweltenbummler.de\/wohnmobilstellplatz-nordkirchen\/wp-json\/wp\/v2\/users\/1"}],"replies":[{"embeddable":true,"href":"https:\/\/www.dieweltenbummler.de\/wohnmobilstellplatz-nordkirchen\/wp-json\/wp\/v2\/comments?post=4"}],"version-history":[{"count":0,"href":"https:\/\/www.dieweltenbummler.de\/wohnmobilstellplatz-nordkirchen\/wp-json\/wp\/v2\/pages\/4\/revisions"}],"wp:featuredmedia":[{"embeddable":true,"href":"https:\/\/www.dieweltenbummler.de\/wohnmobilstellplatz-nordkirchen\/wp-json\/wp\/v2\/media\/2321"}],"wp:attachment":[{"href":"https:\/\/www.dieweltenbummler.de\/wohnmobilstellplatz-nordkirchen\/wp-json\/wp\/v2\/media?parent=4"}],"curies":[{"name":"wp","href":"https:\/\/api.w.org\/{rel}","templated":true}]}}